{"id":426,"date":"2020-12-28T16:12:30","date_gmt":"2020-12-28T16:12:30","guid":{"rendered":"https:\/\/host-105329.webhosting.magentabusiness.at\/sys\/?page_id=426"},"modified":"2026-02-15T18:08:27","modified_gmt":"2026-02-15T18:08:27","slug":"mentaltraining","status":"publish","type":"page","link":"https:\/\/systempaedagogik.at\/index.php\/mentaltraining\/","title":{"rendered":"Mentaltraining"},"content":{"rendered":"\t\t<div data-elementor-type=\"wp-page\" data-elementor-id=\"426\" class=\"elementor elementor-426\" data-elementor-settings=\"[]\">\n\t\t\t\t\t\t<div class=\"elementor-inner\">\n\t\t\t\t\t\t\t<div class=\"elementor-section-wrap\">\n\t\t\t\t\t\t\t<section class=\"elementor-section elementor-top-section elementor-element elementor-element-46ce0ee9 elementor-section-full_width elementor-section-stretched elementor-section-height-default elementor-section-height-default\" data-id=\"46ce0ee9\" data-element_type=\"section\" data-settings=\"{&quot;stretch_section&quot;:&quot;section-stretched&quot;}\">\n\t\t\t\t\t\t<div class=\"elementor-container elementor-column-gap-no\">\n\t\t\t\t\t\t\t<div class=\"elementor-row\">\n\t\t\t\t\t<div class=\"elementor-column elementor-col-100 elementor-top-column elementor-element elementor-element-490a62a8\" data-id=\"490a62a8\" data-element_type=\"column\">\n\t\t\t<div class=\"elementor-column-wrap elementor-element-populated\">\n\t\t\t\t\t\t\t<div class=\"elementor-widget-wrap\">\n\t\t\t\t\t\t<div class=\"elementor-element elementor-element-1a3e797a elementor-widget elementor-widget-image\" data-id=\"1a3e797a\" data-element_type=\"widget\" data-widget_type=\"image.default\">\n\t\t\t\t<div class=\"elementor-widget-container\">\n\t\t\t\t\t\t\t\t<div class=\"elementor-image\">\n\t\t\t\t\t\t\t\t\t\t\t\t<img decoding=\"async\" src=\"https:\/\/host-105329.webhosting.magentabusiness.at\/sys\/wp-content\/uploads\/2021\/02\/Header_Angi_Zeichenflaeche-1-Kopie-7.jpg\" title=\"\" alt=\"\" \/>\t\t\t\t\t\t\t\t\t\t\t\t\t\t<\/div>\n\t\t\t\t\t\t<\/div>\n\t\t\t\t<\/div>\n\t\t\t\t<div class=\"elementor-element elementor-element-24faf00 elementor-widget elementor-widget-spacer\" data-id=\"24faf00\" data-element_type=\"widget\" data-widget_type=\"spacer.default\">\n\t\t\t\t<div class=\"elementor-widget-container\">\n\t\t\t\t\t<div class=\"elementor-spacer\">\n\t\t\t<div class=\"elementor-spacer-inner\"><\/div>\n\t\t<\/div>\n\t\t\t\t<\/div>\n\t\t\t\t<\/div>\n\t\t\t\t<div class=\"elementor-element elementor-element-49564a00 elementor-widget elementor-widget-spacer\" data-id=\"49564a00\" data-element_type=\"widget\" data-widget_type=\"spacer.default\">\n\t\t\t\t<div class=\"elementor-widget-container\">\n\t\t\t\t\t<div class=\"elementor-spacer\">\n\t\t\t<div class=\"elementor-spacer-inner\"><\/div>\n\t\t<\/div>\n\t\t\t\t<\/div>\n\t\t\t\t<\/div>\n\t\t\t\t\t\t<\/div>\n\t\t\t\t\t<\/div>\n\t\t<\/div>\n\t\t\t\t\t\t\t\t<\/div>\n\t\t\t\t\t<\/div>\n\t\t<\/section>\n\t\t\t\t<section class=\"elementor-section elementor-top-section elementor-element elementor-element-8bc00c5 elementor-section-full_width elementor-section-height-default elementor-section-height-default\" data-id=\"8bc00c5\" data-element_type=\"section\">\n\t\t\t\t\t\t<div class=\"elementor-container elementor-column-gap-default\">\n\t\t\t\t\t\t\t<div class=\"elementor-row\">\n\t\t\t\t\t<div class=\"elementor-column elementor-col-50 elementor-top-column elementor-element elementor-element-be4b496\" data-id=\"be4b496\" data-element_type=\"column\">\n\t\t\t<div class=\"elementor-column-wrap elementor-element-populated\">\n\t\t\t\t\t\t\t<div class=\"elementor-widget-wrap\">\n\t\t\t\t\t\t<div class=\"elementor-element elementor-element-df6befd elementor-widget elementor-widget-image\" data-id=\"df6befd\" data-element_type=\"widget\" data-widget_type=\"image.default\">\n\t\t\t\t<div class=\"elementor-widget-container\">\n\t\t\t\t\t\t\t\t<div class=\"elementor-image\">\n\t\t\t\t\t\t\t\t\t\t\t\t<img decoding=\"async\" width=\"768\" height=\"442\" src=\"https:\/\/systempaedagogik.at\/wp-content\/uploads\/2021\/12\/3-768x442.jpg\" class=\"attachment-medium_large size-medium_large\" alt=\"\" srcset=\"https:\/\/systempaedagogik.at\/wp-content\/uploads\/2021\/12\/3-768x442.jpg 768w, https:\/\/systempaedagogik.at\/wp-content\/uploads\/2021\/12\/3-300x173.jpg 300w, https:\/\/systempaedagogik.at\/wp-content\/uploads\/2021\/12\/3-1024x589.jpg 1024w, https:\/\/systempaedagogik.at\/wp-content\/uploads\/2021\/12\/3.jpg 1500w\" sizes=\"(max-width: 768px) 100vw, 768px\" \/>\t\t\t\t\t\t\t\t\t\t\t\t\t\t<\/div>\n\t\t\t\t\t\t<\/div>\n\t\t\t\t<\/div>\n\t\t\t\t\t\t<\/div>\n\t\t\t\t\t<\/div>\n\t\t<\/div>\n\t\t\t\t<div class=\"elementor-column elementor-col-50 elementor-top-column elementor-element elementor-element-5263cbf\" data-id=\"5263cbf\" data-element_type=\"column\">\n\t\t\t<div class=\"elementor-column-wrap elementor-element-populated\">\n\t\t\t\t\t\t\t<div class=\"elementor-widget-wrap\">\n\t\t\t\t\t\t<div class=\"elementor-element elementor-element-28224c7 elementor-widget elementor-widget-testimonial\" data-id=\"28224c7\" data-element_type=\"widget\" data-widget_type=\"testimonial.default\">\n\t\t\t\t<div class=\"elementor-widget-container\">\n\t\t\t\t\t<div class=\"elementor-testimonial-wrapper\">\n\t\t\t\t\t\t\t<div class=\"elementor-testimonial-content\">\u00bbWessen wir am meisten im Leben bed\u00fcrfen ist jemand, der uns dazu bringt, das zu tun, wozu wir f\u00e4hig sind.\u00ab<\/div>\n\t\t\t\n\t\t\t\t\t\t<div class=\"elementor-testimonial-meta elementor-has-image elementor-testimonial-image-position-aside\">\n\t\t\t\t<div class=\"elementor-testimonial-meta-inner\">\n\t\t\t\t\t\t\t\t\t\t\t<div class=\"elementor-testimonial-image\">\n\t\t\t\t\t\t\t<img decoding=\"async\" width=\"278\" height=\"148\" src=\"https:\/\/systempaedagogik.at\/wp-content\/uploads\/2020\/12\/Syspaed-Logo-klein.jpg\" class=\"attachment-full size-full\" alt=\"\" \/>\t\t\t\t\t\t<\/div>\n\t\t\t\t\t\n\t\t\t\t\t\t\t\t\t\t<div class=\"elementor-testimonial-details\">\n\t\t\t\t\t\t\t\t\t\t\t\t\t\t<div class=\"elementor-testimonial-name\">Ralph W. Emerson<\/div>\n\t\t\t\t\t\t\t\t\t\t\t\t\t\t\t\t\t\t\t\t\t\t<div class=\"elementor-testimonial-job\">Philosoph<\/div>\n\t\t\t\t\t\t\t\t\t\t\t\t\t<\/div>\n\t\t\t\t\t\t\t\t\t<\/div>\n\t\t\t<\/div>\n\t\t\t\t\t<\/div>\n\t\t\t\t<\/div>\n\t\t\t\t<\/div>\n\t\t\t\t\t\t<\/div>\n\t\t\t\t\t<\/div>\n\t\t<\/div>\n\t\t\t\t\t\t\t\t<\/div>\n\t\t\t\t\t<\/div>\n\t\t<\/section>\n\t\t\t\t<section class=\"elementor-section elementor-top-section elementor-element elementor-element-600192b elementor-section-boxed elementor-section-height-default elementor-section-height-default\" data-id=\"600192b\" data-element_type=\"section\">\n\t\t\t\t\t\t<div class=\"elementor-container elementor-column-gap-default\">\n\t\t\t\t\t\t\t<div class=\"elementor-row\">\n\t\t\t\t\t<div class=\"elementor-column elementor-col-100 elementor-top-column elementor-element elementor-element-4134351\" data-id=\"4134351\" data-element_type=\"column\">\n\t\t\t<div class=\"elementor-column-wrap elementor-element-populated\">\n\t\t\t\t\t\t\t<div class=\"elementor-widget-wrap\">\n\t\t\t\t\t\t<div class=\"elementor-element elementor-element-e8ad05b elementor-widget elementor-widget-spacer\" data-id=\"e8ad05b\" data-element_type=\"widget\" data-widget_type=\"spacer.default\">\n\t\t\t\t<div class=\"elementor-widget-container\">\n\t\t\t\t\t<div class=\"elementor-spacer\">\n\t\t\t<div class=\"elementor-spacer-inner\"><\/div>\n\t\t<\/div>\n\t\t\t\t<\/div>\n\t\t\t\t<\/div>\n\t\t\t\t\t\t<\/div>\n\t\t\t\t\t<\/div>\n\t\t<\/div>\n\t\t\t\t\t\t\t\t<\/div>\n\t\t\t\t\t<\/div>\n\t\t<\/section>\n\t\t\t\t<section class=\"elementor-section elementor-top-section elementor-element elementor-element-1c826e1 elementor-section-full_width elementor-section-height-default elementor-section-height-default\" data-id=\"1c826e1\" data-element_type=\"section\">\n\t\t\t\t\t\t<div class=\"elementor-container elementor-column-gap-default\">\n\t\t\t\t\t\t\t<div class=\"elementor-row\">\n\t\t\t\t\t<div class=\"elementor-column elementor-col-100 elementor-top-column elementor-element elementor-element-e22ddc6\" data-id=\"e22ddc6\" data-element_type=\"column\">\n\t\t\t<div class=\"elementor-column-wrap elementor-element-populated\">\n\t\t\t\t\t\t\t<div class=\"elementor-widget-wrap\">\n\t\t\t\t\t\t<div class=\"elementor-element elementor-element-302d254 elementor-widget elementor-widget-heading\" data-id=\"302d254\" data-element_type=\"widget\" data-widget_type=\"heading.default\">\n\t\t\t\t<div class=\"elementor-widget-container\">\n\t\t\t<h2 class=\"elementor-heading-title elementor-size-default\">Mentaltraining<\/h2>\t\t<\/div>\n\t\t\t\t<\/div>\n\t\t\t\t<div class=\"elementor-element elementor-element-e013043 elementor-widget elementor-widget-text-editor\" data-id=\"e013043\" data-element_type=\"widget\" data-widget_type=\"text-editor.default\">\n\t\t\t\t<div class=\"elementor-widget-container\">\n\t\t\t\t\t\t\t\t<div class=\"elementor-text-editor elementor-clearfix\">\n\t\t\t\t<p><span style=\"color: #000000;\">F\u00fcr das erfolgreiche Erreichen von Zielen sind mentale F\u00e4higkeiten ein zentraler Schl\u00fcsselfaktor. Vieles ist m\u00f6glich, auch wenn es auf den ersten Blick als nicht einfach erscheint. Eine wichtige S\u00e4ule, die wir auch trainieren und st\u00e4rken k\u00f6nnen sind Einstellung, Glaubenss\u00e4tze und mentale F\u00e4higkeiten. Wir stehen f\u00fcr wissenschaftlich fundiertes Mentaltraining. Unser Fokus dabei liegt immer auf St\u00e4rkung, Ressourcenaktivierung und Ermutigung mit einer ordentlichen Portion angewandter Gl\u00fccksforschung.<\/span><\/p>\t\t\t\t\t<\/div>\n\t\t\t\t\t\t<\/div>\n\t\t\t\t<\/div>\n\t\t\t\t\t\t<\/div>\n\t\t\t\t\t<\/div>\n\t\t<\/div>\n\t\t\t\t\t\t\t\t<\/div>\n\t\t\t\t\t<\/div>\n\t\t<\/section>\n\t\t\t\t<section class=\"elementor-section elementor-top-section elementor-element elementor-element-32bc12d9 elementor-section-full_width elementor-section-height-default elementor-section-height-default\" data-id=\"32bc12d9\" data-element_type=\"section\">\n\t\t\t\t\t\t<div class=\"elementor-container elementor-column-gap-default\">\n\t\t\t\t\t\t\t<div class=\"elementor-row\">\n\t\t\t\t\t<div class=\"elementor-column elementor-col-100 elementor-top-column elementor-element elementor-element-4e88461d\" data-id=\"4e88461d\" data-element_type=\"column\">\n\t\t\t<div class=\"elementor-column-wrap elementor-element-populated\">\n\t\t\t\t\t\t\t<div class=\"elementor-widget-wrap\">\n\t\t\t\t\t\t<div class=\"elementor-element elementor-element-e24c2a9 elementor-widget elementor-widget-heading\" data-id=\"e24c2a9\" data-element_type=\"widget\" data-widget_type=\"heading.default\">\n\t\t\t\t<div class=\"elementor-widget-container\">\n\t\t\t<h2 class=\"elementor-heading-title elementor-size-default\">Unsere Beratungsangebote<\/h2>\t\t<\/div>\n\t\t\t\t<\/div>\n\t\t\t\t<div class=\"elementor-element elementor-element-7a1ca10 elementor-widget elementor-widget-text-editor\" data-id=\"7a1ca10\" data-element_type=\"widget\" data-widget_type=\"text-editor.default\">\n\t\t\t\t<div class=\"elementor-widget-container\">\n\t\t\t\t\t\t\t\t<div class=\"elementor-text-editor elementor-clearfix\">\n\t\t\t\t<p><span style=\"color: #000000;\">Wir bieten Mentaltraining f\u00fcr F\u00fchrungskr\u00e4fte, Sportler, K\u00fcnstler, alle Interessierten und Teams an. Mentaltraining ist ein niederschwelliges, aber sehr effektives Begleitungsformat. Im Mentaltraining werden systemische und hypnosystemische Methoden sowie spezielle \u00dcbungen genutzt, um die gesetzten Ziele zu erreichen.\u00a0<\/span><\/p>\t\t\t\t\t<\/div>\n\t\t\t\t\t\t<\/div>\n\t\t\t\t<\/div>\n\t\t\t\t\t\t<\/div>\n\t\t\t\t\t<\/div>\n\t\t<\/div>\n\t\t\t\t\t\t\t\t<\/div>\n\t\t\t\t\t<\/div>\n\t\t<\/section>\n\t\t\t\t<section class=\"elementor-section elementor-top-section elementor-element elementor-element-7afb37f elementor-section-full_width elementor-section-height-default elementor-section-height-default\" data-id=\"7afb37f\" data-element_type=\"section\">\n\t\t\t\t\t\t<div class=\"elementor-container elementor-column-gap-default\">\n\t\t\t\t\t\t\t<div class=\"elementor-row\">\n\t\t\t\t\t<div class=\"elementor-column elementor-col-100 elementor-top-column elementor-element elementor-element-217f235\" data-id=\"217f235\" data-element_type=\"column\">\n\t\t\t<div class=\"elementor-column-wrap elementor-element-populated\">\n\t\t\t\t\t\t\t<div class=\"elementor-widget-wrap\">\n\t\t\t\t\t\t<div class=\"elementor-element elementor-element-337c62d elementor-widget elementor-widget-heading\" data-id=\"337c62d\" data-element_type=\"widget\" data-widget_type=\"heading.default\">\n\t\t\t\t<div class=\"elementor-widget-container\">\n\t\t\t<h2 class=\"elementor-heading-title elementor-size-default\">Unsere Qualifizierungsangebote<\/h2>\t\t<\/div>\n\t\t\t\t<\/div>\n\t\t\t\t<div class=\"elementor-element elementor-element-67cd1b3 elementor-widget elementor-widget-text-editor\" data-id=\"67cd1b3\" data-element_type=\"widget\" data-widget_type=\"text-editor.default\">\n\t\t\t\t<div class=\"elementor-widget-container\">\n\t\t\t\t\t\t\t\t<div class=\"elementor-text-editor elementor-clearfix\">\n\t\t\t\t<p><span style=\"color: #000000;\">Wir bieten f\u00fcr alle Interessierten Seminare und Workshops zu diesem Schwerpunkt an.<\/span><\/p>\t\t\t\t\t<\/div>\n\t\t\t\t\t\t<\/div>\n\t\t\t\t<\/div>\n\t\t\t\t\t\t<\/div>\n\t\t\t\t\t<\/div>\n\t\t<\/div>\n\t\t\t\t\t\t\t\t<\/div>\n\t\t\t\t\t<\/div>\n\t\t<\/section>\n\t\t\t\t<section class=\"elementor-section elementor-top-section elementor-element elementor-element-cb7fd49 elementor-section-boxed elementor-section-height-default elementor-section-height-default\" data-id=\"cb7fd49\" data-element_type=\"section\">\n\t\t\t\t\t\t<div class=\"elementor-container elementor-column-gap-default\">\n\t\t\t\t\t\t\t<div class=\"elementor-row\">\n\t\t\t\t\t<div class=\"elementor-column elementor-col-100 elementor-top-column elementor-element elementor-element-af8da76\" data-id=\"af8da76\" data-element_type=\"column\">\n\t\t\t<div class=\"elementor-column-wrap elementor-element-populated\">\n\t\t\t\t\t\t\t<div class=\"elementor-widget-wrap\">\n\t\t\t\t\t\t<div class=\"elementor-element elementor-element-c2cb294 elementor-widget elementor-widget-spacer\" data-id=\"c2cb294\" data-element_type=\"widget\" data-widget_type=\"spacer.default\">\n\t\t\t\t<div class=\"elementor-widget-container\">\n\t\t\t\t\t<div class=\"elementor-spacer\">\n\t\t\t<div class=\"elementor-spacer-inner\"><\/div>\n\t\t<\/div>\n\t\t\t\t<\/div>\n\t\t\t\t<\/div>\n\t\t\t\t\t\t<\/div>\n\t\t\t\t\t<\/div>\n\t\t<\/div>\n\t\t\t\t\t\t\t\t<\/div>\n\t\t\t\t\t<\/div>\n\t\t<\/section>\n\t\t\t\t<section class=\"elementor-section elementor-top-section elementor-element elementor-element-7d620dc6 elementor-section-boxed elementor-section-height-default elementor-section-height-default\" data-id=\"7d620dc6\" data-element_type=\"section\">\n\t\t\t\t\t\t<div class=\"elementor-container elementor-column-gap-default\">\n\t\t\t\t\t\t\t<div class=\"elementor-row\">\n\t\t\t\t\t<div class=\"elementor-column elementor-col-100 elementor-top-column elementor-element elementor-element-20a609e6\" data-id=\"20a609e6\" data-element_type=\"column\">\n\t\t\t<div class=\"elementor-column-wrap elementor-element-populated\">\n\t\t\t\t\t\t\t<div class=\"elementor-widget-wrap\">\n\t\t\t\t\t\t<div class=\"elementor-element elementor-element-324a5161 elementor-align-center elementor-widget elementor-widget-button\" data-id=\"324a5161\" data-element_type=\"widget\" data-widget_type=\"button.default\">\n\t\t\t\t<div class=\"elementor-widget-container\">\n\t\t\t\t\t<div class=\"elementor-button-wrapper\">\n\t\t\t<a href=\"https:\/\/systempaedagogik.at\/index.php\/kontakt\/\" class=\"elementor-button-link elementor-button elementor-size-sm\" role=\"button\">\n\t\t\t\t\t\t<span class=\"elementor-button-content-wrapper\">\n\t\t\t\t\t\t<span class=\"elementor-button-text\">Anfrage f\u00fcr ein kostenloses Erstgespr\u00e4ch<\/span>\n\t\t<\/span>\n\t\t\t\t\t<\/a>\n\t\t<\/div>\n\t\t\t\t<\/div>\n\t\t\t\t<\/div>\n\t\t\t\t\t\t<\/div>\n\t\t\t\t\t<\/div>\n\t\t<\/div>\n\t\t\t\t\t\t\t\t<\/div>\n\t\t\t\t\t<\/div>\n\t\t<\/section>\n\t\t\t\t\t\t<\/div>\n\t\t\t\t\t\t<\/div>\n\t\t\t\t\t<\/div>\n\t\t","protected":false},"excerpt":{"rendered":"<p>\u00bbWessen wir am meisten im Leben bed\u00fcrfen ist jemand, der uns dazu bringt, das zu tun, wozu wir f\u00e4hig sind.\u00ab Ralph W. Emerson Philosoph Mentaltraining F\u00fcr das erfolgreiche Erreichen von Zielen sind mentale F\u00e4higkeiten ein zentraler Schl\u00fcsselfaktor. Vieles ist m\u00f6glich, auch wenn es auf den ersten Blick als nicht einfach erscheint. Eine wichtige S\u00e4ule, die [&hellip;]<\/p>\n","protected":false},"author":1,"featured_media":0,"parent":0,"menu_order":0,"comment_status":"closed","ping_status":"closed","template":"","meta":{"footnotes":""},"class_list":["post-426","page","type-page","status-publish","hentry","entry"],"yoast_head":"<!-- This site is optimized with the Yoast SEO plugin v27.6 - https:\/\/yoast.com\/product\/yoast-seo-wordpress\/ -->\n<title>Mentaltraining - Institut f\u00fcr Systemp\u00e4dagogik und Personalmanagement GmbH<\/title>\n<meta name=\"robots\" content=\"index, follow, max-snippet:-1, max-image-preview:large, max-video-preview:-1\" \/>\n<link rel=\"canonical\" href=\"https:\/\/systempaedagogik.at\/index.php\/mentaltraining\/\" \/>\n<meta property=\"og:locale\" content=\"de_DE\" \/>\n<meta property=\"og:type\" content=\"article\" \/>\n<meta property=\"og:title\" content=\"Mentaltraining - Institut f\u00fcr Systemp\u00e4dagogik und Personalmanagement GmbH\" \/>\n<meta property=\"og:description\" content=\"\u00bbWessen wir am meisten im Leben bed\u00fcrfen ist jemand, der uns dazu bringt, das zu tun, wozu wir f\u00e4hig sind.\u00ab Ralph W. Emerson Philosoph Mentaltraining F\u00fcr das erfolgreiche Erreichen von Zielen sind mentale F\u00e4higkeiten ein zentraler Schl\u00fcsselfaktor. Vieles ist m\u00f6glich, auch wenn es auf den ersten Blick als nicht einfach erscheint. Eine wichtige S\u00e4ule, die [&hellip;]\" \/>\n<meta property=\"og:url\" content=\"https:\/\/systempaedagogik.at\/index.php\/mentaltraining\/\" \/>\n<meta property=\"og:site_name\" content=\"Institut f\u00fcr Systemp\u00e4dagogik und Personalmanagement GmbH\" \/>\n<meta property=\"article:modified_time\" content=\"2026-02-15T18:08:27+00:00\" \/>\n<meta property=\"og:image\" content=\"https:\/\/host-105329.webhosting.magentabusiness.at\/sys\/wp-content\/uploads\/2021\/02\/Header_Angi_Zeichenflaeche-1-Kopie-7.jpg\" \/>\n<meta name=\"twitter:card\" content=\"summary_large_image\" \/>\n<meta name=\"twitter:label1\" content=\"Gesch\u00e4tzte Lesezeit\" \/>\n\t<meta name=\"twitter:data1\" content=\"2\u00a0Minuten\" \/>\n<script type=\"application\/ld+json\" class=\"yoast-schema-graph\">{\"@context\":\"https:\\\/\\\/schema.org\",\"@graph\":[{\"@type\":\"WebPage\",\"@id\":\"https:\\\/\\\/systempaedagogik.at\\\/index.php\\\/mentaltraining\\\/\",\"url\":\"https:\\\/\\\/systempaedagogik.at\\\/index.php\\\/mentaltraining\\\/\",\"name\":\"Mentaltraining - Institut f\u00fcr Systemp\u00e4dagogik und Personalmanagement GmbH\",\"isPartOf\":{\"@id\":\"https:\\\/\\\/systempaedagogik.at\\\/#website\"},\"primaryImageOfPage\":{\"@id\":\"https:\\\/\\\/systempaedagogik.at\\\/index.php\\\/mentaltraining\\\/#primaryimage\"},\"image\":{\"@id\":\"https:\\\/\\\/systempaedagogik.at\\\/index.php\\\/mentaltraining\\\/#primaryimage\"},\"thumbnailUrl\":\"https:\\\/\\\/host-105329.webhosting.magentabusiness.at\\\/sys\\\/wp-content\\\/uploads\\\/2021\\\/02\\\/Header_Angi_Zeichenflaeche-1-Kopie-7.jpg\",\"datePublished\":\"2020-12-28T16:12:30+00:00\",\"dateModified\":\"2026-02-15T18:08:27+00:00\",\"breadcrumb\":{\"@id\":\"https:\\\/\\\/systempaedagogik.at\\\/index.php\\\/mentaltraining\\\/#breadcrumb\"},\"inLanguage\":\"de\",\"potentialAction\":[{\"@type\":\"ReadAction\",\"target\":[\"https:\\\/\\\/systempaedagogik.at\\\/index.php\\\/mentaltraining\\\/\"]}]},{\"@type\":\"ImageObject\",\"inLanguage\":\"de\",\"@id\":\"https:\\\/\\\/systempaedagogik.at\\\/index.php\\\/mentaltraining\\\/#primaryimage\",\"url\":\"https:\\\/\\\/host-105329.webhosting.magentabusiness.at\\\/sys\\\/wp-content\\\/uploads\\\/2021\\\/02\\\/Header_Angi_Zeichenflaeche-1-Kopie-7.jpg\",\"contentUrl\":\"https:\\\/\\\/host-105329.webhosting.magentabusiness.at\\\/sys\\\/wp-content\\\/uploads\\\/2021\\\/02\\\/Header_Angi_Zeichenflaeche-1-Kopie-7.jpg\"},{\"@type\":\"BreadcrumbList\",\"@id\":\"https:\\\/\\\/systempaedagogik.at\\\/index.php\\\/mentaltraining\\\/#breadcrumb\",\"itemListElement\":[{\"@type\":\"ListItem\",\"position\":1,\"name\":\"Startseite\",\"item\":\"https:\\\/\\\/systempaedagogik.at\\\/\"},{\"@type\":\"ListItem\",\"position\":2,\"name\":\"Mentaltraining\"}]},{\"@type\":\"WebSite\",\"@id\":\"https:\\\/\\\/systempaedagogik.at\\\/#website\",\"url\":\"https:\\\/\\\/systempaedagogik.at\\\/\",\"name\":\"Institut f\u00fcr Systemp\u00e4dagogik und Personalmanagement GmbH\",\"description\":\"\",\"publisher\":{\"@id\":\"https:\\\/\\\/systempaedagogik.at\\\/#organization\"},\"potentialAction\":[{\"@type\":\"SearchAction\",\"target\":{\"@type\":\"EntryPoint\",\"urlTemplate\":\"https:\\\/\\\/systempaedagogik.at\\\/?s={search_term_string}\"},\"query-input\":{\"@type\":\"PropertyValueSpecification\",\"valueRequired\":true,\"valueName\":\"search_term_string\"}}],\"inLanguage\":\"de\"},{\"@type\":\"Organization\",\"@id\":\"https:\\\/\\\/systempaedagogik.at\\\/#organization\",\"name\":\"Institut f\u00fcr Systemp\u00e4dagogik\",\"url\":\"https:\\\/\\\/systempaedagogik.at\\\/\",\"logo\":{\"@type\":\"ImageObject\",\"inLanguage\":\"de\",\"@id\":\"https:\\\/\\\/systempaedagogik.at\\\/#\\\/schema\\\/logo\\\/image\\\/\",\"url\":\"https:\\\/\\\/systempaedagogik.at\\\/wp-content\\\/uploads\\\/2020\\\/12\\\/cropped-Syspaed-Logo-klein.jpg\",\"contentUrl\":\"https:\\\/\\\/systempaedagogik.at\\\/wp-content\\\/uploads\\\/2020\\\/12\\\/cropped-Syspaed-Logo-klein.jpg\",\"width\":2000,\"height\":1198,\"caption\":\"Institut f\u00fcr Systemp\u00e4dagogik\"},\"image\":{\"@id\":\"https:\\\/\\\/systempaedagogik.at\\\/#\\\/schema\\\/logo\\\/image\\\/\"}}]}<\/script>\n<!-- \/ Yoast SEO plugin. -->","yoast_head_json":{"title":"Mentaltraining - Institut f\u00fcr Systemp\u00e4dagogik und Personalmanagement GmbH","robots":{"index":"index","follow":"follow","max-snippet":"max-snippet:-1","max-image-preview":"max-image-preview:large","max-video-preview":"max-video-preview:-1"},"canonical":"https:\/\/systempaedagogik.at\/index.php\/mentaltraining\/","og_locale":"de_DE","og_type":"article","og_title":"Mentaltraining - Institut f\u00fcr Systemp\u00e4dagogik und Personalmanagement GmbH","og_description":"\u00bbWessen wir am meisten im Leben bed\u00fcrfen ist jemand, der uns dazu bringt, das zu tun, wozu wir f\u00e4hig sind.\u00ab Ralph W. Emerson Philosoph Mentaltraining F\u00fcr das erfolgreiche Erreichen von Zielen sind mentale F\u00e4higkeiten ein zentraler Schl\u00fcsselfaktor. Vieles ist m\u00f6glich, auch wenn es auf den ersten Blick als nicht einfach erscheint. Eine wichtige S\u00e4ule, die [&hellip;]","og_url":"https:\/\/systempaedagogik.at\/index.php\/mentaltraining\/","og_site_name":"Institut f\u00fcr Systemp\u00e4dagogik und Personalmanagement GmbH","article_modified_time":"2026-02-15T18:08:27+00:00","og_image":[{"url":"https:\/\/host-105329.webhosting.magentabusiness.at\/sys\/wp-content\/uploads\/2021\/02\/Header_Angi_Zeichenflaeche-1-Kopie-7.jpg","type":"","width":"","height":""}],"twitter_card":"summary_large_image","twitter_misc":{"Gesch\u00e4tzte Lesezeit":"2\u00a0Minuten"},"schema":{"@context":"https:\/\/schema.org","@graph":[{"@type":"WebPage","@id":"https:\/\/systempaedagogik.at\/index.php\/mentaltraining\/","url":"https:\/\/systempaedagogik.at\/index.php\/mentaltraining\/","name":"Mentaltraining - Institut f\u00fcr Systemp\u00e4dagogik und Personalmanagement GmbH","isPartOf":{"@id":"https:\/\/systempaedagogik.at\/#website"},"primaryImageOfPage":{"@id":"https:\/\/systempaedagogik.at\/index.php\/mentaltraining\/#primaryimage"},"image":{"@id":"https:\/\/systempaedagogik.at\/index.php\/mentaltraining\/#primaryimage"},"thumbnailUrl":"https:\/\/host-105329.webhosting.magentabusiness.at\/sys\/wp-content\/uploads\/2021\/02\/Header_Angi_Zeichenflaeche-1-Kopie-7.jpg","datePublished":"2020-12-28T16:12:30+00:00","dateModified":"2026-02-15T18:08:27+00:00","breadcrumb":{"@id":"https:\/\/systempaedagogik.at\/index.php\/mentaltraining\/#breadcrumb"},"inLanguage":"de","potentialAction":[{"@type":"ReadAction","target":["https:\/\/systempaedagogik.at\/index.php\/mentaltraining\/"]}]},{"@type":"ImageObject","inLanguage":"de","@id":"https:\/\/systempaedagogik.at\/index.php\/mentaltraining\/#primaryimage","url":"https:\/\/host-105329.webhosting.magentabusiness.at\/sys\/wp-content\/uploads\/2021\/02\/Header_Angi_Zeichenflaeche-1-Kopie-7.jpg","contentUrl":"https:\/\/host-105329.webhosting.magentabusiness.at\/sys\/wp-content\/uploads\/2021\/02\/Header_Angi_Zeichenflaeche-1-Kopie-7.jpg"},{"@type":"BreadcrumbList","@id":"https:\/\/systempaedagogik.at\/index.php\/mentaltraining\/#breadcrumb","itemListElement":[{"@type":"ListItem","position":1,"name":"Startseite","item":"https:\/\/systempaedagogik.at\/"},{"@type":"ListItem","position":2,"name":"Mentaltraining"}]},{"@type":"WebSite","@id":"https:\/\/systempaedagogik.at\/#website","url":"https:\/\/systempaedagogik.at\/","name":"Institut f\u00fcr Systemp\u00e4dagogik und Personalmanagement GmbH","description":"","publisher":{"@id":"https:\/\/systempaedagogik.at\/#organization"},"potentialAction":[{"@type":"SearchAction","target":{"@type":"EntryPoint","urlTemplate":"https:\/\/systempaedagogik.at\/?s={search_term_string}"},"query-input":{"@type":"PropertyValueSpecification","valueRequired":true,"valueName":"search_term_string"}}],"inLanguage":"de"},{"@type":"Organization","@id":"https:\/\/systempaedagogik.at\/#organization","name":"Institut f\u00fcr Systemp\u00e4dagogik","url":"https:\/\/systempaedagogik.at\/","logo":{"@type":"ImageObject","inLanguage":"de","@id":"https:\/\/systempaedagogik.at\/#\/schema\/logo\/image\/","url":"https:\/\/systempaedagogik.at\/wp-content\/uploads\/2020\/12\/cropped-Syspaed-Logo-klein.jpg","contentUrl":"https:\/\/systempaedagogik.at\/wp-content\/uploads\/2020\/12\/cropped-Syspaed-Logo-klein.jpg","width":2000,"height":1198,"caption":"Institut f\u00fcr Systemp\u00e4dagogik"},"image":{"@id":"https:\/\/systempaedagogik.at\/#\/schema\/logo\/image\/"}}]}},"_links":{"self":[{"href":"https:\/\/systempaedagogik.at\/index.php\/wp-json\/wp\/v2\/pages\/426","targetHints":{"allow":["GET"]}}],"collection":[{"href":"https:\/\/systempaedagogik.at\/index.php\/wp-json\/wp\/v2\/pages"}],"about":[{"href":"https:\/\/systempaedagogik.at\/index.php\/wp-json\/wp\/v2\/types\/page"}],"author":[{"embeddable":true,"href":"https:\/\/systempaedagogik.at\/index.php\/wp-json\/wp\/v2\/users\/1"}],"replies":[{"embeddable":true,"href":"https:\/\/systempaedagogik.at\/index.php\/wp-json\/wp\/v2\/comments?post=426"}],"version-history":[{"count":220,"href":"https:\/\/systempaedagogik.at\/index.php\/wp-json\/wp\/v2\/pages\/426\/revisions"}],"predecessor-version":[{"id":11071,"href":"https:\/\/systempaedagogik.at\/index.php\/wp-json\/wp\/v2\/pages\/426\/revisions\/11071"}],"wp:attachment":[{"href":"https:\/\/systempaedagogik.at\/index.php\/wp-json\/wp\/v2\/media?parent=426"}],"curies":[{"name":"wp","href":"https:\/\/api.w.org\/{rel}","templated":true}]}}